{"id":2,"date":"2021-04-22T14:45:45","date_gmt":"2021-04-22T14:45:45","guid":{"rendered":"http:\/\/www.iinroytantoimijat.fi\/?page_id=2"},"modified":"2022-05-04T11:09:47","modified_gmt":"2022-05-04T11:09:47","slug":"irt","status":"publish","type":"page","link":"https:\/\/www.iinroytantoimijat.fi\/index.php\/irt\/","title":{"rendered":"Iin R\u00f6yt\u00e4n toimijat ry"},"content":{"rendered":"\n<p>Iin R\u00f6yt\u00e4n toimijat ry eli entinen R\u00f6ytt\u00e4toimikunta ajaa j\u00e4senseurojensa yhteisi\u00e4 ja yleisi\u00e4 etuja R\u00f6yt\u00e4ss\u00e4. Siihen kuuluvat Oulun Merenk\u00e4vij\u00e4t, Oulun Purjehdusseura, Oulun Ty\u00f6v\u00e4en Pursiseura, Haukiputaan Pursiseura, Haukiputaan veneilij\u00e4t ja Iin Meriseura. Iin R\u00f6yt\u00e4n toimijat ry toimii neuvottelukumppanina R\u00f6ytt\u00e4\u00e4 koskevissa asioissa yhteisty\u00f6tahojen suuntaan.<\/p>\n\n\n\n<p>Iin R\u00f6yt\u00e4n toimijat ry on olemassa vain R\u00f6ytt\u00e4\u00e4 varten ja se on tehnyt vuosikymmenien ajan ty\u00f6t\u00e4 saaren kehitt\u00e4miseksi ja kunnossa pit\u00e4miseksi. R\u00f6yt\u00e4n toimijat yll\u00e4pit\u00e4\u00e4 R\u00f6yt\u00e4n s\u00e4hk\u00f6verkkoa, laituris\u00e4hk\u00f6j\u00e4, rakentamaansa kes\u00e4keitti\u00f6t\u00e4, p\u00f6yt\u00e4ryhmi\u00e4, grillek\u00e4 sek\u00e4 leikkipaikkaa rakentamiltaan osin sek\u00e4 Roska-Roope j\u00e4tepistett\u00e4. (Saaren wc- ja puuhuollosta sek\u00e4 luontopoluista ja muusta saaren yll\u00e4pidosta vastaa Mets\u00e4hallitus.)<\/p>\n\n\n\n<p>R\u00f6yt\u00e4n toimijat ry k\u00e4ytt\u00e4\u00e4 varansa R\u00f6yt\u00e4n kehitt\u00e4miseen kaikkien saaressa k\u00e4vij\u00f6iden hyv\u00e4ksi. Viimeksi toteutettiin vuonna 2020 valmistunut EU-rahoitteinen s\u00e4hk\u00f6hanke, jonka budjetti oli 80 000 euroa ja sit\u00e4 edelt\u00e4v\u00e4ss\u00e4 hankkeessa palveluvarustusta parannettiin yli 100 000 euron hankkeella. Talkoot\u00f6it\u00e4 on tehty tuhansia tunteja!<\/p>\n\n\n\n<p>R\u00f6ytt\u00e4 ei olisi sellainen keidas millaisena se nyky\u00e4\u00e4n tunnetaan ilman veneilij\u00f6iden aloitteellisuutta ja aktiivisuutta.<\/p>\n","protected":false},"excerpt":{"rendered":"<p>Iin R\u00f6yt\u00e4n toimijat ry eli entinen R\u00f6ytt\u00e4toimikunta ajaa j\u00e4senseurojensa yhteisi\u00e4 ja yleisi\u00e4 etuja R\u00f6yt\u00e4ss\u00e4. Siihen kuuluvat Oulun Merenk\u00e4vij\u00e4t, Oulun Purjehdusseura, Oulun Ty\u00f6v\u00e4en Pursiseura, Haukiputaan Pursiseura, Haukiputaan veneilij\u00e4t ja Iin Meriseura. Iin R\u00f6yt\u00e4n toimijat ry toimii neuvottelukumppanina R\u00f6ytt\u00e4\u00e4 koskevissa asioissa yhteisty\u00f6tahojen suuntaan. Iin R\u00f6yt\u00e4n toimijat ry on olemassa vain R\u00f6ytt\u00e4\u00e4 varten ja se on tehnyt vuosikymmenien [&hellip;]<\/p>\n","protected":false},"author":1,"featured_media":0,"parent":0,"menu_order":0,"comment_status":"closed","ping_status":"open","template":"","meta":{"footnotes":""},"_links":{"self":[{"href":"https:\/\/www.iinroytantoimijat.fi\/index.php\/wp-json\/wp\/v2\/pages\/2"}],"collection":[{"href":"https:\/\/www.iinroytantoimijat.fi\/index.php\/wp-json\/wp\/v2\/pages"}],"about":[{"href":"https:\/\/www.iinroytantoimijat.fi\/index.php\/wp-json\/wp\/v2\/types\/page"}],"author":[{"embeddable":true,"href":"https:\/\/www.iinroytantoimijat.fi\/index.php\/wp-json\/wp\/v2\/users\/1"}],"replies":[{"embeddable":true,"href":"https:\/\/www.iinroytantoimijat.fi\/index.php\/wp-json\/wp\/v2\/comments?post=2"}],"version-history":[{"count":5,"href":"https:\/\/www.iinroytantoimijat.fi\/index.php\/wp-json\/wp\/v2\/pages\/2\/revisions"}],"predecessor-version":[{"id":151,"href":"https:\/\/www.iinroytantoimijat.fi\/index.php\/wp-json\/wp\/v2\/pages\/2\/revisions\/151"}],"wp:attachment":[{"href":"https:\/\/www.iinroytantoimijat.fi\/index.php\/wp-json\/wp\/v2\/media?parent=2"}],"curies":[{"name":"wp","href":"https:\/\/api.w.org\/{rel}","templated":true}]}}