{"id":97,"date":"2021-08-27T08:05:15","date_gmt":"2021-08-27T08:05:15","guid":{"rendered":"http:\/\/www.iinroytantoimijat.fi\/?page_id=97"},"modified":"2022-05-04T11:07:09","modified_gmt":"2022-05-04T11:07:09","slug":"iin-roytta-saaasema","status":"publish","type":"page","link":"https:\/\/www.iinroytantoimijat.fi\/index.php\/iin-roytta-saaasema\/","title":{"rendered":"Iin R\u00f6ytt\u00e4 s\u00e4\u00e4asema"},"content":{"rendered":"\n<p><a href=\"https:\/\/www.windy.com\/station\/pws-f05aea9a?65.271,25.214,8\">https:\/\/www.windy.com\/station\/pws-f05aea9a?65.271,25.214,8<\/a><\/p>\n\n\n\n<p><\/p>\n\n\n\n<p><a href=\"https:\/\/www.windguru.cz\/958948\">https:\/\/www.windguru.cz\/958948<\/a><\/p>\n\n\n\n<div style=\"height:100px\" aria-hidden=\"true\" class=\"wp-block-spacer\"><\/div>\n","protected":false},"excerpt":{"rendered":"<p>https:\/\/www.windy.com\/station\/pws-f05aea9a?65.271,25.214,8 https:\/\/www.windguru.cz\/958948<\/p>\n","protected":false},"author":1,"featured_media":0,"parent":0,"menu_order":0,"comment_status":"closed","ping_status":"closed","template":"","meta":{"footnotes":""},"_links":{"self":[{"href":"https:\/\/www.iinroytantoimijat.fi\/index.php\/wp-json\/wp\/v2\/pages\/97"}],"collection":[{"href":"https:\/\/www.iinroytantoimijat.fi\/index.php\/wp-json\/wp\/v2\/pages"}],"about":[{"href":"https:\/\/www.iinroytantoimijat.fi\/index.php\/wp-json\/wp\/v2\/types\/page"}],"author":[{"embeddable":true,"href":"https:\/\/www.iinroytantoimijat.fi\/index.php\/wp-json\/wp\/v2\/users\/1"}],"replies":[{"embeddable":true,"href":"https:\/\/www.iinroytantoimijat.fi\/index.php\/wp-json\/wp\/v2\/comments?post=97"}],"version-history":[{"count":4,"href":"https:\/\/www.iinroytantoimijat.fi\/index.php\/wp-json\/wp\/v2\/pages\/97\/revisions"}],"predecessor-version":[{"id":148,"href":"https:\/\/www.iinroytantoimijat.fi\/index.php\/wp-json\/wp\/v2\/pages\/97\/revisions\/148"}],"wp:attachment":[{"href":"https:\/\/www.iinroytantoimijat.fi\/index.php\/wp-json\/wp\/v2\/media?parent=97"}],"curies":[{"name":"wp","href":"https:\/\/api.w.org\/{rel}","templated":true}]}}